{"id":8346,"date":"2025-10-24T17:15:32","date_gmt":"2025-10-24T15:15:32","guid":{"rendered":"https:\/\/www.dbeauty.fi\/?post_type=product&#038;p=8346"},"modified":"2025-11-25T09:55:20","modified_gmt":"2025-11-25T07:55:20","slug":"e-gift-card-sarjahoitopaketit-radiance","status":"publish","type":"product","link":"https:\/\/www.dbeauty.fi\/en\/product\/e-gift-card-sarjahoitopaketit-radiance\/","title":{"rendered":"e-Gift Card Sarjahoitopaketit- Radiance"},"content":{"rendered":"<p><em>A four-session brightening treatment path<\/em><\/p>\n<p>Radiance is for skin that needs light, smoothness, and a refreshed tone. Each session includes customized exfoliation to support skin renewal.<\/p>\n<p><strong>Recommended interval:<\/strong>\u00a01 session \/ 2\u20133 weeks<br data-start=\"908\" data-end=\"911\" \/><strong data-start=\"911\" data-end=\"926\">Why?<\/strong><br data-start=\"926\" data-end=\"929\" \/>Acid treatments work on the surface layers of the skin and\u00a0<strong data-start=\"977\" data-end=\"1014\">ctivate its natural regeneration process<\/strong>The skin needs time to recover after each session, but the treatments should be scheduled close enough together for the brightening effect to deepen over the course of the treatment series.<\/p>\n<p><strong>What to expect:<\/strong><br \/>\nAs the treatments progress, skin feels smoother, looks more even-toned, and becomes more receptive to active ingredients.<\/p>\n<p><strong>Home care<\/strong><br \/>\nIncludes HUBISLAB\u2019s\u00a0<em>Post Rays<\/em>\u00a0product set, which soothes, hydrates, and supports the skin\u2019s recovery between treatments.<\/p>\n<p><strong>Best for:<\/strong><\/p>\n<ul>\n<li>Dull or tired-looking skin<\/li>\n<li>Uneven texture or tone<\/li>\n<li>Brightening results without irritation<\/li>\n<\/ul>","protected":false},"excerpt":{"rendered":"<p>Nelj\u00e4n hoitokerran kirkastava sarja iholle, joka kaipaa uutta hehkua Kun iho kaipaa lis\u00e4\u00e4 valoa, tasaisuutta ja raikkautta, Radiance tarjoaa turvallisen ja tehokkaan hoitopolun. Jokaisessa hoitokerrassa k\u00e4yt\u00e4mme yksil\u00f6llisesti valittua kuorivaa hoitoa, joka tukee ihon uusiutumista pintakerroksissa. Suositeltu aikav\u00e4li:\u00a01 hoito \/ 2\u20133 viikkoaMiksi n\u00e4in?Happohoidot vaikuttavat ihon pintakerroksiin ja\u00a0aktivoivat ihon omaa uusiutumista. Iholle pit\u00e4\u00e4 antaa aikaa palautua k\u00e4sittelyn [&hellip;]<\/p>\n","protected":false},"featured_media":8377,"comment_status":"open","ping_status":"closed","template":"","meta":{"om_disable_all_campaigns":false,"inline_featured_image":false},"product_brand":[],"product_cat":[84],"product_tag":[],"class_list":{"0":"post-8346","1":"product","2":"type-product","3":"status-publish","4":"has-post-thumbnail","6":"product_cat-wps_wgm_giftcard","8":"first","9":"instock","10":"virtual","11":"purchasable","12":"product-type-wgm_gift_card"},"wpr_featured_image":["https:\/\/www.dbeauty.fi\/wp-content\/uploads\/2024\/06\/DBS_20251106_112428_OMYYMedia_MikaPietrus_86332-150x150.jpg",150,150,true],"_links":{"self":[{"href":"https:\/\/www.dbeauty.fi\/en\/wp-json\/wp\/v2\/product\/8346","targetHints":{"allow":["GET"]}}],"collection":[{"href":"https:\/\/www.dbeauty.fi\/en\/wp-json\/wp\/v2\/product"}],"about":[{"href":"https:\/\/www.dbeauty.fi\/en\/wp-json\/wp\/v2\/types\/product"}],"replies":[{"embeddable":true,"href":"https:\/\/www.dbeauty.fi\/en\/wp-json\/wp\/v2\/comments?post=8346"}],"wp:featuredmedia":[{"embeddable":true,"href":"https:\/\/www.dbeauty.fi\/en\/wp-json\/wp\/v2\/media\/8377"}],"wp:attachment":[{"href":"https:\/\/www.dbeauty.fi\/en\/wp-json\/wp\/v2\/media?parent=8346"}],"wp:term":[{"taxonomy":"product_brand","embeddable":true,"href":"https:\/\/www.dbeauty.fi\/en\/wp-json\/wp\/v2\/product_brand?post=8346"},{"taxonomy":"product_cat","embeddable":true,"href":"https:\/\/www.dbeauty.fi\/en\/wp-json\/wp\/v2\/product_cat?post=8346"},{"taxonomy":"product_tag","embeddable":true,"href":"https:\/\/www.dbeauty.fi\/en\/wp-json\/wp\/v2\/product_tag?post=8346"}],"curies":[{"name":"wp","href":"https:\/\/api.w.org\/{rel}","templated":true}]}}