{"id":8348,"date":"2025-10-24T17:16:45","date_gmt":"2025-10-24T15:16:45","guid":{"rendered":"https:\/\/www.dbeauty.fi\/?post_type=product&#038;p=8348"},"modified":"2025-11-25T09:57:08","modified_gmt":"2025-11-25T07:57:08","slug":"e-gift-card-sarjahoitopaketit-pure-balance","status":"publish","type":"product","link":"https:\/\/www.dbeauty.fi\/en\/product\/e-gift-card-sarjahoitopaketit-pure-balance\/","title":{"rendered":"e-Gift Card Sarjahoitopaketit- Pure Balance"},"content":{"rendered":"<p><em>Kuuden hoitokerran tasapainottava sarja ep\u00e4puhtaalle ja reagoivalle iholle<\/em><\/p>\n<p>Kun iho on herkk\u00e4 reagoimaan, tukkeutuu helposti tai kaipaa puhdistusta, Pure Balance on rauhoittava ja huolellisesti rakennettu sarja, joka antaa iholle aikaa palautua vaiheittain.<\/p>\n<p><strong>Recommended interval:<\/strong>\u00a01 hoito \/ 1\u20132 viikkoa<br data-start=\"1247\" data-end=\"1250\" \/><strong data-start=\"1250\" data-end=\"1265\">Why?<\/strong><br data-start=\"1265\" data-end=\"1268\" \/>Ep\u00e4puhtaan ja reagoivan ihon kanssa edet\u00e4\u00e4n\u00a0<strong data-start=\"1312\" data-end=\"1341\">hallitusti ja vaiheittain<\/strong>. S\u00e4\u00e4nn\u00f6llinen hoito ehk\u00e4isee tukkeumia ja rauhoittaa ihoa askel askeleelta. Tiivis alkurytmi tukee tulosten pysyvyytt\u00e4 ja est\u00e4\u00e4 takapakkia.<\/p>\n<p><strong>What to expect:<\/strong><br \/>\nKuuden hoidon aikana iho puhdistetaan tarvittaessa mekaanisesti ja\/tai ultra\u00e4\u00e4nell\u00e4, ja jokaisella k\u00e4ynnill\u00e4 arvioidaan ihon senhetkinen tila. Hoitojen edetess\u00e4 iho n\u00e4ytt\u00e4\u00e4 tasapainoisemmalta ja rauhoittuneemmalta.<\/p>\n<p><strong>Home care<\/strong><br \/>\nHUBISLAB\u00a0<em>Active Control<\/em>\u00a0-tuotteet tukevat ihon puhtautta, rauhoittavat ja auttavat ehk\u00e4isem\u00e4\u00e4n tukkeumia ilman voimakkaita ainesosia.<\/p>\n<p><strong>Best for:<\/strong><\/p>\n<ul>\n<li>Iho tukkeutuu helposti tai rasvoittuu p\u00e4iv\u00e4n mittaan<\/li>\n<li>Kaipaat pitk\u00e4j\u00e4nteist\u00e4 tukea ihon tasapainoon<\/li>\n<li>Haluat rauhoittaa ihoa hell\u00e4sti ja hallitusti<\/li>\n<\/ul>","protected":false},"excerpt":{"rendered":"<p>Kuuden hoitokerran tasapainottava sarja ep\u00e4puhtaalle ja reagoivalle iholle Kun iho on herkk\u00e4 reagoimaan, tukkeutuu helposti tai kaipaa puhdistusta, Pure Balance on rauhoittava ja huolellisesti rakennettu sarja, joka antaa iholle aikaa palautua vaiheittain. Suositeltu aikav\u00e4li:\u00a01 hoito \/ 1\u20132 viikkoaMiksi n\u00e4in?Ep\u00e4puhtaan ja reagoivan ihon kanssa edet\u00e4\u00e4n\u00a0hallitusti ja vaiheittain. S\u00e4\u00e4nn\u00f6llinen hoito ehk\u00e4isee tukkeumia ja rauhoittaa ihoa askel askeleelta. [&hellip;]<\/p>\n","protected":false},"featured_media":8377,"comment_status":"open","ping_status":"closed","template":"","meta":{"om_disable_all_campaigns":false,"inline_featured_image":false},"product_brand":[],"product_cat":[84],"product_tag":[],"class_list":{"0":"post-8348","1":"product","2":"type-product","3":"status-publish","4":"has-post-thumbnail","6":"product_cat-wps_wgm_giftcard","8":"first","9":"instock","10":"virtual","11":"purchasable","12":"product-type-wgm_gift_card"},"wpr_featured_image":["https:\/\/www.dbeauty.fi\/wp-content\/uploads\/2024\/06\/DBS_20251106_112428_OMYYMedia_MikaPietrus_86332-150x150.jpg",150,150,true],"_links":{"self":[{"href":"https:\/\/www.dbeauty.fi\/en\/wp-json\/wp\/v2\/product\/8348","targetHints":{"allow":["GET"]}}],"collection":[{"href":"https:\/\/www.dbeauty.fi\/en\/wp-json\/wp\/v2\/product"}],"about":[{"href":"https:\/\/www.dbeauty.fi\/en\/wp-json\/wp\/v2\/types\/product"}],"replies":[{"embeddable":true,"href":"https:\/\/www.dbeauty.fi\/en\/wp-json\/wp\/v2\/comments?post=8348"}],"wp:featuredmedia":[{"embeddable":true,"href":"https:\/\/www.dbeauty.fi\/en\/wp-json\/wp\/v2\/media\/8377"}],"wp:attachment":[{"href":"https:\/\/www.dbeauty.fi\/en\/wp-json\/wp\/v2\/media?parent=8348"}],"wp:term":[{"taxonomy":"product_brand","embeddable":true,"href":"https:\/\/www.dbeauty.fi\/en\/wp-json\/wp\/v2\/product_brand?post=8348"},{"taxonomy":"product_cat","embeddable":true,"href":"https:\/\/www.dbeauty.fi\/en\/wp-json\/wp\/v2\/product_cat?post=8348"},{"taxonomy":"product_tag","embeddable":true,"href":"https:\/\/www.dbeauty.fi\/en\/wp-json\/wp\/v2\/product_tag?post=8348"}],"curies":[{"name":"wp","href":"https:\/\/api.w.org\/{rel}","templated":true}]}}