{"id":8349,"date":"2025-10-24T17:17:35","date_gmt":"2025-10-24T15:17:35","guid":{"rendered":"https:\/\/www.dbeauty.fi\/?post_type=product&#038;p=8349"},"modified":"2025-11-25T09:55:38","modified_gmt":"2025-11-25T07:55:38","slug":"e-gift-card-sarjahoitopaketit-ageless-beauty","status":"publish","type":"product","link":"https:\/\/www.dbeauty.fi\/en\/product\/e-gift-card-sarjahoitopaketit-ageless-beauty\/","title":{"rendered":"e-Gift Card Sarjahoitopaketit- Ageless Beauty"},"content":{"rendered":"<p><em>A four-session care path for mature skin<\/em><\/p>\n<p>Ageless Beauty offers comforting, moisture-rich care for skin that\u2019s showing signs of aging \u2013 like dryness or dullness.<\/p>\n<p><strong>Recommended interval:<\/strong>\u00a01 session \/ 7\u201314 days<br data-start=\"1562\" data-end=\"1565\" \/><strong data-start=\"1565\" data-end=\"1580\">Why?<\/strong><br data-start=\"1580\" data-end=\"1583\" \/>In adult skincare,\u00a0<strong data-start=\"1610\" data-end=\"1640\">consistency is key<\/strong>\u00a0\u2013 treatments should be scheduled close enough together to keep the skin hydrated, protected, and restored. If treatments are done too infrequently, their effects won\u2019t have time to build up and will instead \u201creset.\u201d<\/p>\n<p><strong>What to expect:<\/strong><br \/>\nEach session includes replenishing actives and calming massage, helping the skin appear more refreshed and supple. Supported by HUBISLAB\u2019s Active Botol and Eternal Eye home care.<\/p>\n<p><strong>Home care<\/strong><br \/>\nIncludes HUBISLAB\u2019s\u00a0<em>Active Botol<\/em>\u00a0and\u00a0<em>Eternal Eye<\/em>\u00a0products support the skin\u2019s natural structure and help prevent dryness, especially around the eye area.<\/p>\n<p><strong>Best for:<\/strong><\/p>\n<ul>\n<li>Dry or tired-looking skin<\/li>\n<li>A need for moisture and bounce<\/li>\n<li>Supporting the skin\u2019s natural strength and glow<\/li>\n<\/ul>","protected":false},"excerpt":{"rendered":"<p>Nelj\u00e4n hoitokerran sarja aikuiselle iholle \u2013 tukea ja elinvoimaa ihon hyvinvointiin Kun iho alkaa kaivata enemm\u00e4n huolenpitoa ik\u00e4\u00e4ntymisen merkkien my\u00f6t\u00e4 \u2013 kuten kuivuutta, sameutta tai v\u00e4synytt\u00e4 ilmett\u00e4 \u2013 Ageless Beauty tarjoaa pehme\u00e4n mutta tehokkaan hoitopolun. Suositeltu aikav\u00e4li:\u00a01 hoito \/ 7\u201314 p\u00e4iv\u00e4\u00e4Miksi n\u00e4in?Aikuisen ihon hoitopolussa\u00a0s\u00e4\u00e4nn\u00f6llisyys on t\u00e4rkeint\u00e4\u00a0\u2013 hoitov\u00e4li saa olla tiivis, jotta iho pysyy kosteutettuna, suojattuna [&hellip;]<\/p>\n","protected":false},"featured_media":8377,"comment_status":"open","ping_status":"closed","template":"","meta":{"om_disable_all_campaigns":false,"inline_featured_image":false},"product_brand":[],"product_cat":[84],"product_tag":[],"class_list":{"0":"post-8349","1":"product","2":"type-product","3":"status-publish","4":"has-post-thumbnail","6":"product_cat-wps_wgm_giftcard","8":"first","9":"instock","10":"virtual","11":"purchasable","12":"product-type-wgm_gift_card"},"wpr_featured_image":["https:\/\/www.dbeauty.fi\/wp-content\/uploads\/2024\/06\/DBS_20251106_112428_OMYYMedia_MikaPietrus_86332-150x150.jpg",150,150,true],"_links":{"self":[{"href":"https:\/\/www.dbeauty.fi\/en\/wp-json\/wp\/v2\/product\/8349","targetHints":{"allow":["GET"]}}],"collection":[{"href":"https:\/\/www.dbeauty.fi\/en\/wp-json\/wp\/v2\/product"}],"about":[{"href":"https:\/\/www.dbeauty.fi\/en\/wp-json\/wp\/v2\/types\/product"}],"replies":[{"embeddable":true,"href":"https:\/\/www.dbeauty.fi\/en\/wp-json\/wp\/v2\/comments?post=8349"}],"wp:featuredmedia":[{"embeddable":true,"href":"https:\/\/www.dbeauty.fi\/en\/wp-json\/wp\/v2\/media\/8377"}],"wp:attachment":[{"href":"https:\/\/www.dbeauty.fi\/en\/wp-json\/wp\/v2\/media?parent=8349"}],"wp:term":[{"taxonomy":"product_brand","embeddable":true,"href":"https:\/\/www.dbeauty.fi\/en\/wp-json\/wp\/v2\/product_brand?post=8349"},{"taxonomy":"product_cat","embeddable":true,"href":"https:\/\/www.dbeauty.fi\/en\/wp-json\/wp\/v2\/product_cat?post=8349"},{"taxonomy":"product_tag","embeddable":true,"href":"https:\/\/www.dbeauty.fi\/en\/wp-json\/wp\/v2\/product_tag?post=8349"}],"curies":[{"name":"wp","href":"https:\/\/api.w.org\/{rel}","templated":true}]}}